{"id":973,"date":"2025-09-08T09:48:57","date_gmt":"2025-09-08T07:48:57","guid":{"rendered":"https:\/\/www.lestransformateurs.fr\/?page_id=973"},"modified":"2025-09-08T10:42:16","modified_gmt":"2025-09-08T08:42:16","slug":"livre-dor","status":"publish","type":"page","link":"https:\/\/www.lestransformateurs.fr\/index.php\/livre-dor\/","title":{"rendered":"Livre d&rsquo;Or"},"content":{"rendered":"\n<p class=\"has-text-color has-link-color has-medium-font-size wp-elements-ca6aa8d29928886b192ccc34b54e41d9\" style=\"color:#cee9fa\">Le public est tellement chaleureux que nous souhaitions partager les paroles qui nous ont touch\u00e9, \u00e9mu, amus\u00e9 :<\/p>\n\n\n\n<hr class=\"wp-block-separator has-alpha-channel-opacity\"\/>\n\n\n\n<p><\/p>\n\n\n\n<ul class=\"wp-block-list\">\n<li class=\"has-text-color has-link-color has-medium-font-size wp-elements-97186e33daf80c7201274b285021047d\" style=\"color:#d2ecfd\"><em>\u00a0\u00bb Mais c&rsquo;est fou, c&rsquo;est fou&#8230;&#8230;..mais vous \u00eates fous !&#8230; ohlala, c&rsquo;est fou ! \u00ab\u00a0<\/em> (une dame)<\/li>\n\n\n\n<li class=\"has-text-color has-link-color has-large-font-size wp-elements-10c6b7d33e3431f0b3619241c6b67dc0\" style=\"color:#d2ecfd\"><em>\u00a0\u00bb Mais vous venez de quelle plan\u00e8te, vous ?! \u00ab\u00a0<\/em><\/li>\n\n\n\n<li class=\"has-text-color has-link-color has-medium-font-size wp-elements-93830e1e1d20857307be3b03d96640ae\" style=\"color:#d2ecfd\"><em>\u00a0\u00bb Quand tu vois que y&rsquo;en a, avec des millions ils font de la merde&#8230;\u00a0\u00bb<\/em> (un monsieur)<\/li>\n\n\n\n<li class=\"has-text-color has-link-color has-large-font-size wp-elements-a43bfd283ebc310424a0c2171d82e1be\" style=\"color:#d2ecfd\"><em>\u00a0\u00bb C&rsquo;est encore mieux que la vid\u00e9o !!!\u00a0\u00bb<\/em> (un enfant )<\/li>\n\n\n\n<li class=\"has-text-color has-link-color has-medium-font-size wp-elements-5ed24b9da212b96e20ce82584e9459ed\" style=\"color:#d2ecfd\"><em>\u00a0\u00bb Oh bah vous, vous tapez un peu dans les bo\u00eetes ! AhAh !<\/em> \u00a0\u00bb (un adulte pas jeune)<\/li>\n\n\n\n<li class=\"has-text-color has-link-color wp-elements-9a380240d7822f8e23e0b810574cdff7\" style=\"color:#d2ecfd\"><em>\u00a0\u00bb Vous \u00eates la meilleure fanfare de 2025 ! \u00ab\u00a0<\/em> (un adulte jeune)<\/li>\n\n\n\n<li class=\"has-text-color has-link-color has-medium-font-size wp-elements-77b119dffb9529e4925253dd6361eea0\" style=\"color:#ccebfe\"><em>\u00a0\u00bb Ah mais c&rsquo;est que \u00e7a sonne en plus !\u00a0\u00bb<\/em><\/li>\n\n\n\n<li class=\"has-text-color has-link-color wp-elements-80697e859f846a7a1d4fadb832c9f65b\" style=\"color:#cbeafd\"><em>\u00a0\u00bb Ah les en&#8230;foi&#8230;r\u00e9s &#8230;\u00a0\u00bb<\/em><\/li>\n\n\n\n<li class=\"has-text-color has-link-color has-medium-font-size wp-elements-0eb5efe9db586530bebc15308b8324f9\" style=\"color:#d2ecfd\"><em>\u00a0\u00bb Vous mettez les p&rsquo;tits plats dans les grands. \u00ab\u00a0<\/em> (une dame)<\/li>\n\n\n\n<li class=\"has-text-color has-link-color has-large-font-size wp-elements-0da33ece1de0e41eb0e3ecbd4b3d82a5\" style=\"color:#d2ecfd\">\u00a0\u00bb Vous devriez \u00eatre rembours\u00e9s par la S\u00e9curit\u00e9 sociale\u00a0\u00bb (une dame)<\/li>\n\n\n\n<li class=\"has-text-color has-link-color has-medium-font-size wp-elements-a569c38aa398a6f2065aed1af3cac9f2\" style=\"color:#d2ecfd\"><em>\u00a0\u00bb Lui c&rsquo;est le roi des tuyaux \u00ab\u00a0<\/em> (un vieux Monsieur)<\/li>\n\n\n\n<li class=\"has-text-color has-link-color has-large-font-size wp-elements-24e7c4de3bafa1e92c5ed6c10b359af9\" style=\"color:#d2ecfd\"><em>\u00a0\u00bb Vous \u00eates ma fanfare pr\u00e9f\u00e9r\u00e9e !! \u00ab\u00a0<\/em> (un enfant de 10 ans)<\/li>\n\n\n\n<li class=\"has-text-color has-link-color has-medium-font-size wp-elements-84235c6d36052917b9d3adcd3d6bf193\" style=\"color:#d2ecfd\"><em>\u00a0\u00bb Vous me redonnez confiance en l&rsquo;humanit\u00e9 \u00a0\u00bb <\/em> (une dame)<\/li>\n\n\n\n<li class=\"has-text-color has-link-color has-medium-font-size wp-elements-82cb9fde40591dd27493d7b31e112130\" style=\"color:#d2ecfd\">\u00a0\u00bb Je vous ai vus 1\/4 d&rsquo;heure. C&rsquo;\u00e9tait trop court mais \u00e7a f&rsquo;sait plaisir.\u00a0\u00bb<\/li>\n\n\n\n<li class=\"has-text-color has-link-color has-medium-font-size wp-elements-2f9f08cc279d5aafdc9965b52763d438\" style=\"color:#ceeafb\"><em>\u00a0\u00bb Ah mais les plats, \u00e7a me rappelle le restaurant familial, on mettait les merguez dans ces petits plats-l\u00e0&#8230;\u00a0\u00bb<\/em> (un r\u00e9gisseur \u00e9mu)<\/li>\n\n\n\n<li class=\"has-text-color has-link-color has-medium-font-size wp-elements-1d82e3aca5ca601e2ac7d842a7e7c97a\" style=\"color:#cee9fb\"><em>\u00a0\u00bb Vous cherchez pas un sixi\u00e8me ? \u00a0\u00bb (le papa de Auguste &#8211; 3 ans et passionn\u00e9)<\/em><\/li>\n\n\n\n<li class=\"has-text-color has-link-color has-small-font-size wp-elements-906f8429c3fa26fdddfb812c9f612885\" style=\"color:#c0e3f9\"><em>\u00a0\u00bb Vous \u00eates vraiment les meilleurs \u00ab\u00a0<\/em><\/li>\n<\/ul>\n\n\n\n<p><\/p>\n","protected":false},"excerpt":{"rendered":"<p>Le public est tellement chaleureux que nous souhaitions partager les paroles qui nous ont touch\u00e9, \u00e9mu, amus\u00e9 :<\/p>\n","protected":false},"author":1,"featured_media":0,"parent":0,"menu_order":0,"comment_status":"closed","ping_status":"closed","template":"","meta":{"footnotes":""},"class_list":["post-973","page","type-page","status-publish","hentry"],"jetpack_sharing_enabled":true,"_links":{"self":[{"href":"https:\/\/www.lestransformateurs.fr\/index.php\/wp-json\/wp\/v2\/pages\/973","targetHints":{"allow":["GET"]}}],"collection":[{"href":"https:\/\/www.lestransformateurs.fr\/index.php\/wp-json\/wp\/v2\/pages"}],"about":[{"href":"https:\/\/www.lestransformateurs.fr\/index.php\/wp-json\/wp\/v2\/types\/page"}],"author":[{"embeddable":true,"href":"https:\/\/www.lestransformateurs.fr\/index.php\/wp-json\/wp\/v2\/users\/1"}],"replies":[{"embeddable":true,"href":"https:\/\/www.lestransformateurs.fr\/index.php\/wp-json\/wp\/v2\/comments?post=973"}],"version-history":[{"count":15,"href":"https:\/\/www.lestransformateurs.fr\/index.php\/wp-json\/wp\/v2\/pages\/973\/revisions"}],"predecessor-version":[{"id":995,"href":"https:\/\/www.lestransformateurs.fr\/index.php\/wp-json\/wp\/v2\/pages\/973\/revisions\/995"}],"wp:attachment":[{"href":"https:\/\/www.lestransformateurs.fr\/index.php\/wp-json\/wp\/v2\/media?parent=973"}],"curies":[{"name":"wp","href":"https:\/\/api.w.org\/{rel}","templated":true}]}}