{"id":2,"date":"2021-04-02T12:55:35","date_gmt":"2021-04-02T10:55:35","guid":{"rendered":"http:\/\/ulgzomt.cluster026.hosting.ovh.net\/?page_id=2"},"modified":"2024-10-04T10:38:28","modified_gmt":"2024-10-04T08:38:28","slug":"page-d-exemple","status":"publish","type":"page","link":"https:\/\/www.lestransformateurs.fr\/","title":{"rendered":""},"content":{"rendered":"\n<p class=\"has-text-color has-link-color wp-elements-16549959a1734a7d9cb870f9e0d943df\" style=\"color:#def2ff\"><em><span style=\"color:#e1f6ff\" class=\"has-inline-color\">Photos <\/span>Vanessa Renaud<\/em><\/p>\n\n\n\n<p><\/p>\n\n\n\n<p class=\"has-text-align-center has-text-color\" style=\"color:#e7f0f8;font-size:22px\">Ils sont cinq, et bien d\u00e9cid\u00e9s \u00e0 transformer n&rsquo;importe quel morceau qui les botte, quitte \u00e0 rendre leur r\u00e9pertoire \u00e9clectique au possible et vous emporter dans un tourbillon de musiques, des Cara\u00efbes au Funk, en passant par la Valse et la Rumba Congolaise.<\/p>\n\n\n\n<p class=\"has-text-align-center has-text-color\" style=\"color:#e7edf0;font-size:22px\">Leurs instruments de bric et de broc ne craignent aucune m\u00e9lodie ou ligne de basse, ne tremblent pas devant les rythmes et riffs de guitare les plus syncop\u00e9s. <\/p>\n\n\n\n<p class=\"has-text-align-center has-text-color\" style=\"color:#e7edf0;font-size:22px\">Ils sont m\u00eame pr\u00eats \u00e0 chanter s&rsquo;il le faut.<\/p>\n\n\n\n<p class=\"has-text-align-center has-text-color\" style=\"color:#e7edf0;font-size:22px\">Leur aplomb in\u00e9branlable, leur go\u00fbt pour la bricole et la musique qui d\u00e9coiffe les a men\u00e9s autour du monde mais ils sont toujours pr\u00eats pour la f\u00eate \u00e0 la galette.<\/p>\n\n\n\n<p class=\"has-text-align-center has-text-color\" style=\"color:#e7edf0;font-size:22px\">L&rsquo;aventure ne fait que commencer&#8230;<\/p>\n\n\n\n<p class=\"has-text-align-center has-luminous-vivid-orange-color has-text-color\" style=\"font-size:22px\">TRANSFORMATIoooo<sub>o<\/sub>O<sup>O<\/sup>OooN&#8230;.<\/p>\n\n\n\n<div style=\"height:20px\" aria-hidden=\"true\" class=\"wp-block-spacer\"><\/div>\n\n\n\n<p class=\"has-text-align-center\"><span style=\"color:#eef9fd\" class=\"has-inline-color\">Tubatong : Bruno Blandy<\/span><\/p>\n\n\n\n<p class=\"has-text-align-center\"><span style=\"color:#edf7fb\" class=\"has-inline-color\">Pitiplats : Sandrine Bernard-Abraham<\/span><\/p>\n\n\n\n<p class=\"has-text-align-center\"><span style=\"color:#ecf6fb\" class=\"has-inline-color\">Manchacaisse : Nicolas Bonnet<\/span><\/p>\n\n\n\n<p class=\"has-text-align-center\"><span style=\"color:#eaf5f9\" class=\"has-inline-color\">Rekupercus : Thierry Ouvrard<\/span><\/p>\n\n\n\n<p class=\"has-text-align-center\"><span style=\"color:#ebf6fb\" class=\"has-inline-color\">Agrobass : Fabien David<\/span><\/p>\n\n\n\n<div style=\"height:20px\" aria-hidden=\"true\" class=\"wp-block-spacer\"><\/div>\n\n\n\n<p class=\"has-text-align-center has-text-color has-medium-font-size\" style=\"color:#f57c30\">Ils sont pass\u00e9s par l\u00e0 :<\/p>\n\n\n\n<p class=\"has-text-align-center\" style=\"font-size:18px\"><span style=\"color:#d9ebf3\" class=\"has-inline-color\">Festival \u00ab\u00a0Alles Muss Raus\u00a0\u00bb Kaiserslautern<\/span> <span style=\"color:#d9ebf3\" class=\"has-inline-color\">(Allemagne), Festival \u00ab\u00a0La Citta Che Sale\u00a0\u00bb Milan (Italie), \u00ab\u00a0Festidreuz\u00a0\u00bb (Fouesnant 29), Festival de th\u00e9\u00e2tre de Manizal\u00e8s (Colombie), Festival \u00ab\u00a0les Zendimanch\u00e9s\u00a0\u00bb (St Hilaire de Chal\u00e9ons 44), \u00ab\u00a0Arts in your Neighbourhood\u00a0\u00bb (Singapour), \u00ab\u00a0Sori Festival\u00a0\u00bb (Cor\u00e9e du Sud), Festival de th\u00e9\u00e2tre de Whuzen (Chine), Festival \u00ab\u00a0Cir &amp; Co\u00a0\u00bb d&rsquo;Avila (Espagne), Festival de Musica de Morelia (Mexique), Festival \u00ab\u00a0Terres du Son\u00a0\u00bb (Monts), Festival \u00ab\u00a0La rue des enfants\u00a0\u00bb (Montcuq 46), Festival \u00ab\u00a0M\u00f4mes en sc\u00e8ne\u00a0\u00bb (Niederbronn les bains), Festival \u00ab\u00a0Jazz en Baie\u00a0\u00bb (Avranche), Arkhangelsk Street Theater Festival (Russie), \u00ab\u00a0Spancirfest\u00a0\u00bb Varazdin (Croatie), \u00ab\u00a0Chauffer dans le Noirceur\u00a0\u00bb ( Montmartin sur mer), \u00ab\u00a0Rockissim\u00f4me\u00a0\u00bb (Sabl\u00e9 sur Sarthe)&#8230;<\/span><\/p>\n","protected":false},"excerpt":{"rendered":"<p>Photos Vanessa Renaud Ils sont cinq, et bien d\u00e9cid\u00e9s \u00e0 transformer n&rsquo;importe quel morceau qui les botte, quitte \u00e0 rendre leur r\u00e9pertoire \u00e9clectique au possible et vous emporter dans un tourbillon de musiques, des Cara\u00efbes au Funk, en passant par la Valse et la Rumba Congolaise. Leurs instruments de bric&#8230;<\/p>\n","protected":false},"author":1,"featured_media":0,"parent":0,"menu_order":0,"comment_status":"closed","ping_status":"open","template":"","meta":{"footnotes":""},"class_list":["post-2","page","type-page","status-publish","hentry"],"jetpack_sharing_enabled":true,"_links":{"self":[{"href":"https:\/\/www.lestransformateurs.fr\/index.php\/wp-json\/wp\/v2\/pages\/2","targetHints":{"allow":["GET"]}}],"collection":[{"href":"https:\/\/www.lestransformateurs.fr\/index.php\/wp-json\/wp\/v2\/pages"}],"about":[{"href":"https:\/\/www.lestransformateurs.fr\/index.php\/wp-json\/wp\/v2\/types\/page"}],"author":[{"embeddable":true,"href":"https:\/\/www.lestransformateurs.fr\/index.php\/wp-json\/wp\/v2\/users\/1"}],"replies":[{"embeddable":true,"href":"https:\/\/www.lestransformateurs.fr\/index.php\/wp-json\/wp\/v2\/comments?post=2"}],"version-history":[{"count":49,"href":"https:\/\/www.lestransformateurs.fr\/index.php\/wp-json\/wp\/v2\/pages\/2\/revisions"}],"predecessor-version":[{"id":1003,"href":"https:\/\/www.lestransformateurs.fr\/index.php\/wp-json\/wp\/v2\/pages\/2\/revisions\/1003"}],"wp:attachment":[{"href":"https:\/\/www.lestransformateurs.fr\/index.php\/wp-json\/wp\/v2\/media?parent=2"}],"curies":[{"name":"wp","href":"https:\/\/api.w.org\/{rel}","templated":true}]}}