{"id":15,"date":"2021-04-05T15:35:41","date_gmt":"2021-04-05T13:35:41","guid":{"rendered":"http:\/\/ulgzomt.cluster026.hosting.ovh.net\/?page_id=15"},"modified":"2025-03-13T09:02:26","modified_gmt":"2025-03-13T08:02:26","slug":"presse","status":"publish","type":"page","link":"https:\/\/www.lestransformateurs.fr\/index.php\/presse\/","title":{"rendered":"Presse"},"content":{"rendered":"\n<p><em><span style=\"color:#e6f5fb\" class=\"has-inline-color\">Photo Vanessa Renaud<\/span><\/em><\/p>\n\n\n\n<div class=\"wp-block-group\"><div class=\"wp-block-group__inner-container is-layout-flow wp-block-group-is-layout-flow\"><div class=\"wp-block-image\">\n<figure class=\"aligncenter size-large\"><img loading=\"lazy\" decoding=\"async\" width=\"1024\" height=\"724\" src=\"http:\/\/ulgzomt.cluster026.hosting.ovh.net\/wp-content\/uploads\/2021\/04\/Dario-de-Avila-Transfo-1024x724.jpg\" alt=\"\" class=\"wp-image-164\" srcset=\"https:\/\/www.lestransformateurs.fr\/wp-content\/uploads\/2021\/04\/Dario-de-Avila-Transfo-1024x724.jpg 1024w, https:\/\/www.lestransformateurs.fr\/wp-content\/uploads\/2021\/04\/Dario-de-Avila-Transfo-300x212.jpg 300w, https:\/\/www.lestransformateurs.fr\/wp-content\/uploads\/2021\/04\/Dario-de-Avila-Transfo-768x543.jpg 768w, https:\/\/www.lestransformateurs.fr\/wp-content\/uploads\/2021\/04\/Dario-de-Avila-Transfo-1536x1086.jpg 1536w, https:\/\/www.lestransformateurs.fr\/wp-content\/uploads\/2021\/04\/Dario-de-Avila-Transfo-2048x1448.jpg 2048w\" sizes=\"auto, (max-width: 1024px) 100vw, 1024px\" \/><figcaption class=\"wp-element-caption\">Circus festival d&rsquo;Avila (ESPAGNE)<\/figcaption><\/figure>\n<\/div>\n\n<div class=\"wp-block-image\">\n<figure class=\"aligncenter size-large\"><img loading=\"lazy\" decoding=\"async\" width=\"482\" height=\"711\" src=\"http:\/\/ulgzomt.cluster026.hosting.ovh.net\/wp-content\/uploads\/2021\/04\/Coree.jpg\" alt=\"\" class=\"wp-image-163\" srcset=\"https:\/\/www.lestransformateurs.fr\/wp-content\/uploads\/2021\/04\/Coree.jpg 482w, https:\/\/www.lestransformateurs.fr\/wp-content\/uploads\/2021\/04\/Coree-203x300.jpg 203w\" sizes=\"auto, (max-width: 482px) 100vw, 482px\" \/><figcaption class=\"wp-element-caption\">Sori Festival (Cor\u00e9e du sud)- <em>Photo Jean-Marie Jagu<\/em><\/figcaption><\/figure>\n<\/div>\n\n\n<p><\/p>\n\n\n<div class=\"wp-block-image\">\n<figure class=\"aligncenter size-full\"><img loading=\"lazy\" decoding=\"async\" width=\"643\" height=\"657\" src=\"https:\/\/www.lestransformateurs.fr\/wp-content\/uploads\/2024\/01\/Transfos-Lisieux.png\" alt=\"\" class=\"wp-image-657\" srcset=\"https:\/\/www.lestransformateurs.fr\/wp-content\/uploads\/2024\/01\/Transfos-Lisieux.png 643w, https:\/\/www.lestransformateurs.fr\/wp-content\/uploads\/2024\/01\/Transfos-Lisieux-294x300.png 294w\" sizes=\"auto, (max-width: 643px) 100vw, 643px\" \/><figcaption class=\"wp-element-caption\">Printemps de l&rsquo;environnement Lisieux (France)<\/figcaption><\/figure>\n<\/div>\n\n\n<p><\/p>\n\n\n<div class=\"wp-block-image\">\n<figure class=\"aligncenter size-large\"><img loading=\"lazy\" decoding=\"async\" width=\"1024\" height=\"768\" src=\"https:\/\/www.lestransformateurs.fr\/wp-content\/uploads\/2023\/08\/OF-Transfos-3-1024x768.jpg\" alt=\"\" class=\"wp-image-621\" srcset=\"https:\/\/www.lestransformateurs.fr\/wp-content\/uploads\/2023\/08\/OF-Transfos-3-1024x768.jpg 1024w, https:\/\/www.lestransformateurs.fr\/wp-content\/uploads\/2023\/08\/OF-Transfos-3-300x225.jpg 300w, https:\/\/www.lestransformateurs.fr\/wp-content\/uploads\/2023\/08\/OF-Transfos-3-768x576.jpg 768w, https:\/\/www.lestransformateurs.fr\/wp-content\/uploads\/2023\/08\/OF-Transfos-3-1536x1152.jpg 1536w, https:\/\/www.lestransformateurs.fr\/wp-content\/uploads\/2023\/08\/OF-Transfos-3-2048x1536.jpg 2048w\" sizes=\"auto, (max-width: 1024px) 100vw, 1024px\" \/><figcaption class=\"wp-element-caption\">Festival des Chants de Marins Paimpol (France)<\/figcaption><\/figure>\n<\/div>\n\n<div class=\"wp-block-image\">\n<figure class=\"aligncenter size-large\"><img loading=\"lazy\" decoding=\"async\" width=\"640\" height=\"480\" src=\"http:\/\/ulgzomt.cluster026.hosting.ovh.net\/wp-content\/uploads\/2021\/04\/Avranches-2017.jpg\" alt=\"\" class=\"wp-image-162\" srcset=\"https:\/\/www.lestransformateurs.fr\/wp-content\/uploads\/2021\/04\/Avranches-2017.jpg 640w, https:\/\/www.lestransformateurs.fr\/wp-content\/uploads\/2021\/04\/Avranches-2017-300x225.jpg 300w\" sizes=\"auto, (max-width: 640px) 100vw, 640px\" \/><figcaption class=\"wp-element-caption\">Festival Jazz en baie Avranche<\/figcaption><\/figure>\n<\/div><\/div><\/div>\n\n\n<div class=\"wp-block-image\">\n<figure class=\"aligncenter size-large\"><img loading=\"lazy\" decoding=\"async\" width=\"723\" height=\"1024\" src=\"http:\/\/ulgzomt.cluster026.hosting.ovh.net\/wp-content\/uploads\/2021\/04\/REVUE-DE-PRESSE-FANFARENFOLIES-2019-1-723x1024.jpg\" alt=\"\" class=\"wp-image-178\" srcset=\"https:\/\/www.lestransformateurs.fr\/wp-content\/uploads\/2021\/04\/REVUE-DE-PRESSE-FANFARENFOLIES-2019-1-723x1024.jpg 723w, https:\/\/www.lestransformateurs.fr\/wp-content\/uploads\/2021\/04\/REVUE-DE-PRESSE-FANFARENFOLIES-2019-1-212x300.jpg 212w, https:\/\/www.lestransformateurs.fr\/wp-content\/uploads\/2021\/04\/REVUE-DE-PRESSE-FANFARENFOLIES-2019-1-768x1087.jpg 768w, https:\/\/www.lestransformateurs.fr\/wp-content\/uploads\/2021\/04\/REVUE-DE-PRESSE-FANFARENFOLIES-2019-1-1085x1536.jpg 1085w, https:\/\/www.lestransformateurs.fr\/wp-content\/uploads\/2021\/04\/REVUE-DE-PRESSE-FANFARENFOLIES-2019-1.jpg 1239w\" sizes=\"auto, (max-width: 723px) 100vw, 723px\" \/><\/figure>\n<\/div>\n\n\n<p class=\"has-text-align-center\">Festival Fanfarenfolies Alen\u00e7on<\/p>\n\n\n\n<hr class=\"wp-block-separator has-alpha-channel-opacity\"\/>\n\n\n\n<p class=\"has-text-align-center has-text-color has-link-color has-medium-font-size wp-elements-0071874ece76a6e9bc1a562f86d6c181\" style=\"color:#d9edf9\">LIEN MEXIQUE PRESSE: <a href=\"https:\/\/www.contramuro.com\/los-transformadores-llegan-morelia\/\">https:\/\/www.contramuro.com\/los-transformadores-llegan-morelia\/<\/a><\/p>\n\n\n\n<p class=\"has-text-align-left\">____________________________________________________________________________________________________<\/p>\n\n\n\n<figure class=\"wp-block-embed aligncenter is-type-video is-provider-youtube wp-block-embed-youtube wp-embed-aspect-16-9 wp-has-aspect-ratio\"><div class=\"wp-block-embed__wrapper\">\n<iframe loading=\"lazy\" title=\"Les Transformateurs Acoustiques asombra a uruapenses\" width=\"790\" height=\"444\" src=\"https:\/\/www.youtube.com\/embed\/BTh3ai8s2us?feature=oembed\" frameborder=\"0\" allow=\"accelerometer; autoplay; clipboard-write; encrypted-media; gyroscope; picture-in-picture; web-share\" referrerpolicy=\"strict-origin-when-cross-origin\" allowfullscreen><\/iframe>\n<\/div><\/figure>\n\n\n\n<p class=\"has-text-align-center\">MEXIQUE T\u00e9l\u00e9vision<\/p>\n\n\n\n<p>____________________________________________________________________________________________________<\/p>\n\n\n\n<figure class=\"wp-block-embed aligncenter is-type-video is-provider-youtube wp-block-embed-youtube wp-embed-aspect-16-9 wp-has-aspect-ratio\"><div class=\"wp-block-embed__wrapper\">\n<iframe loading=\"lazy\" title=\"Los Transformadores Ac\u00fasticos| 51\u00b0 FITMA\" width=\"790\" height=\"444\" src=\"https:\/\/www.youtube.com\/embed\/-ZDgqlef5pk?feature=oembed\" frameborder=\"0\" allow=\"accelerometer; autoplay; clipboard-write; encrypted-media; gyroscope; picture-in-picture; web-share\" referrerpolicy=\"strict-origin-when-cross-origin\" allowfullscreen><\/iframe>\n<\/div><\/figure>\n\n\n\n<p class=\"has-text-align-center\">COLOMBIE T\u00e9l\u00e9vision:<\/p>\n\n\n\n<p>____________________________________________________________________________________________________<\/p>\n\n\n<div class=\"wp-block-image\">\n<figure class=\"aligncenter size-large\"><img loading=\"lazy\" decoding=\"async\" width=\"816\" height=\"577\" src=\"http:\/\/ulgzomt.cluster026.hosting.ovh.net\/wp-content\/uploads\/2021\/04\/Presse-Russe-1.jpg\" alt=\"\" class=\"wp-image-177\" srcset=\"https:\/\/www.lestransformateurs.fr\/wp-content\/uploads\/2021\/04\/Presse-Russe-1.jpg 816w, https:\/\/www.lestransformateurs.fr\/wp-content\/uploads\/2021\/04\/Presse-Russe-1-300x212.jpg 300w, https:\/\/www.lestransformateurs.fr\/wp-content\/uploads\/2021\/04\/Presse-Russe-1-768x543.jpg 768w\" sizes=\"auto, (max-width: 816px) 100vw, 816px\" \/><figcaption class=\"wp-element-caption\">Festival de th\u00e9\u00e2tre d&rsquo;Arkangelsk (RUSSIE)<\/figcaption><\/figure>\n<\/div>\n\n","protected":false},"excerpt":{"rendered":"<p>Photo Vanessa Renaud Festival Fanfarenfolies Alen\u00e7on LIEN MEXIQUE PRESSE: https:\/\/www.contramuro.com\/los-transformadores-llegan-morelia\/ ____________________________________________________________________________________________________ MEXIQUE T\u00e9l\u00e9vision ____________________________________________________________________________________________________ COLOMBIE T\u00e9l\u00e9vision: ____________________________________________________________________________________________________<\/p>\n","protected":false},"author":1,"featured_media":0,"parent":0,"menu_order":0,"comment_status":"closed","ping_status":"closed","template":"","meta":{"footnotes":""},"class_list":["post-15","page","type-page","status-publish","hentry"],"jetpack_sharing_enabled":true,"_links":{"self":[{"href":"https:\/\/www.lestransformateurs.fr\/index.php\/wp-json\/wp\/v2\/pages\/15","targetHints":{"allow":["GET"]}}],"collection":[{"href":"https:\/\/www.lestransformateurs.fr\/index.php\/wp-json\/wp\/v2\/pages"}],"about":[{"href":"https:\/\/www.lestransformateurs.fr\/index.php\/wp-json\/wp\/v2\/types\/page"}],"author":[{"embeddable":true,"href":"https:\/\/www.lestransformateurs.fr\/index.php\/wp-json\/wp\/v2\/users\/1"}],"replies":[{"embeddable":true,"href":"https:\/\/www.lestransformateurs.fr\/index.php\/wp-json\/wp\/v2\/comments?post=15"}],"version-history":[{"count":27,"href":"https:\/\/www.lestransformateurs.fr\/index.php\/wp-json\/wp\/v2\/pages\/15\/revisions"}],"predecessor-version":[{"id":879,"href":"https:\/\/www.lestransformateurs.fr\/index.php\/wp-json\/wp\/v2\/pages\/15\/revisions\/879"}],"wp:attachment":[{"href":"https:\/\/www.lestransformateurs.fr\/index.php\/wp-json\/wp\/v2\/media?parent=15"}],"curies":[{"name":"wp","href":"https:\/\/api.w.org\/{rel}","templated":true}]}}