{"id":13,"date":"2021-04-05T15:35:41","date_gmt":"2021-04-05T13:35:41","guid":{"rendered":"http:\/\/ulgzomt.cluster026.hosting.ovh.net\/?page_id=13"},"modified":"2024-10-04T08:19:51","modified_gmt":"2024-10-04T06:19:51","slug":"videos","status":"publish","type":"page","link":"https:\/\/www.lestransformateurs.fr\/index.php\/videos\/","title":{"rendered":"Vid\u00e9os"},"content":{"rendered":"\n<p class=\"has-text-color has-link-color wp-elements-dd0fbac0d3dca833b754189f7abbda7f\" style=\"color:#d3ebfe\"><em>Photo Vanessa Renaud<\/em><\/p>\n\n\n\n<hr class=\"wp-block-separator has-alpha-channel-opacity\"\/>\n\n\n\n<figure class=\"wp-block-embed is-type-video is-provider-youtube wp-block-embed-youtube wp-embed-aspect-16-9 wp-has-aspect-ratio\"><div class=\"wp-block-embed__wrapper\">\n<iframe loading=\"lazy\" title=\"Les Transformateurs Acoustiques Teaser 2022\" width=\"790\" height=\"444\" src=\"https:\/\/www.youtube.com\/embed\/cMRQWEDM0Ik?feature=oembed\" frameborder=\"0\" allow=\"accelerometer; autoplay; clipboard-write; encrypted-media; gyroscope; picture-in-picture; web-share\" referrerpolicy=\"strict-origin-when-cross-origin\" allowfullscreen><\/iframe>\n<\/div><figcaption class=\"wp-element-caption\">Les Transformateurs Acoustiques aux \u00ab\u00a0Festi&rsquo;folies\u00a0\u00bb \u00e0 St Aignan de Grand Lieu<\/figcaption><\/figure>\n\n\n\n<figure class=\"wp-block-embed is-type-video is-provider-youtube wp-block-embed-youtube aligncenter wp-embed-aspect-16-9 wp-has-aspect-ratio\"><div class=\"wp-block-embed__wrapper\">\n<iframe loading=\"lazy\" title=\"Clip Transfos 2019\" width=\"790\" height=\"444\" src=\"https:\/\/www.youtube.com\/embed\/-4DQzCWMcFo?feature=oembed\" frameborder=\"0\" allow=\"accelerometer; autoplay; clipboard-write; encrypted-media; gyroscope; picture-in-picture; web-share\" referrerpolicy=\"strict-origin-when-cross-origin\" allowfullscreen><\/iframe>\n<\/div><figcaption class=\"wp-element-caption\">Clip r\u00e9alis\u00e9 \u00e0 la Mine au Tri, Recyclerie \u00e0 Corcou\u00e9 sur Logne<\/figcaption><\/figure>\n\n\n\n<figure class=\"wp-block-embed is-type-video is-provider-youtube wp-block-embed-youtube wp-embed-aspect-16-9 wp-has-aspect-ratio\"><div class=\"wp-block-embed__wrapper\">\n<iframe loading=\"lazy\" title=\"Les Transformateurs Acoustiques Teaser 2020\" width=\"790\" height=\"444\" src=\"https:\/\/www.youtube.com\/embed\/lpF0MxoD9ww?feature=oembed\" frameborder=\"0\" allow=\"accelerometer; autoplay; clipboard-write; encrypted-media; gyroscope; picture-in-picture; web-share\" referrerpolicy=\"strict-origin-when-cross-origin\" allowfullscreen><\/iframe>\n<\/div><figcaption class=\"wp-element-caption\">Les Transformateurs Acoustiques aux Zendimanch\u00e9s \u00e0 St Hilaire de Chal\u00e9ons.<\/figcaption><\/figure>\n\n\n\n<figure class=\"wp-block-embed is-type-video is-provider-youtube wp-block-embed-youtube wp-embed-aspect-16-9 wp-has-aspect-ratio\"><div class=\"wp-block-embed__wrapper\">\n<iframe loading=\"lazy\" title=\"Les Transformateurs acoustiques sur le man\u00e8ge des TITANOS\" width=\"790\" height=\"444\" src=\"https:\/\/www.youtube.com\/embed\/XCsqjTEmbvY?feature=oembed\" frameborder=\"0\" allow=\"accelerometer; autoplay; clipboard-write; encrypted-media; gyroscope; picture-in-picture; web-share\" referrerpolicy=\"strict-origin-when-cross-origin\" allowfullscreen><\/iframe>\n<\/div><figcaption class=\"wp-element-caption\">\u00ab\u00a0Les Transformateurs Acoustiques\u00a0\u00bb sur le Man\u00e8ge de la Compagnie \u00ab\u00a0Titanos\u00a0\u00bb<\/figcaption><\/figure>\n\n\n\n<p class=\"has-text-color\" style=\"color:#e5f5fc;font-size:22px\"><\/p>\n\n\n\n<p><\/p>\n","protected":false},"excerpt":{"rendered":"<p>Photo Vanessa Renaud<\/p>\n","protected":false},"author":1,"featured_media":90,"parent":0,"menu_order":0,"comment_status":"closed","ping_status":"closed","template":"","meta":{"footnotes":""},"class_list":["post-13","page","type-page","status-publish","has-post-thumbnail","hentry"],"jetpack_sharing_enabled":true,"_links":{"self":[{"href":"https:\/\/www.lestransformateurs.fr\/index.php\/wp-json\/wp\/v2\/pages\/13","targetHints":{"allow":["GET"]}}],"collection":[{"href":"https:\/\/www.lestransformateurs.fr\/index.php\/wp-json\/wp\/v2\/pages"}],"about":[{"href":"https:\/\/www.lestransformateurs.fr\/index.php\/wp-json\/wp\/v2\/types\/page"}],"author":[{"embeddable":true,"href":"https:\/\/www.lestransformateurs.fr\/index.php\/wp-json\/wp\/v2\/users\/1"}],"replies":[{"embeddable":true,"href":"https:\/\/www.lestransformateurs.fr\/index.php\/wp-json\/wp\/v2\/comments?post=13"}],"version-history":[{"count":22,"href":"https:\/\/www.lestransformateurs.fr\/index.php\/wp-json\/wp\/v2\/pages\/13\/revisions"}],"predecessor-version":[{"id":882,"href":"https:\/\/www.lestransformateurs.fr\/index.php\/wp-json\/wp\/v2\/pages\/13\/revisions\/882"}],"wp:featuredmedia":[{"embeddable":true,"href":"https:\/\/www.lestransformateurs.fr\/index.php\/wp-json\/wp\/v2\/media\/90"}],"wp:attachment":[{"href":"https:\/\/www.lestransformateurs.fr\/index.php\/wp-json\/wp\/v2\/media?parent=13"}],"curies":[{"name":"wp","href":"https:\/\/api.w.org\/{rel}","templated":true}]}}